{"id":77,"date":"2024-05-09T08:46:51","date_gmt":"2024-05-09T08:46:51","guid":{"rendered":"http:\/\/t4v.4e1.mytemp.website\/?page_id=77"},"modified":"2024-10-11T11:24:18","modified_gmt":"2024-10-11T08:24:18","slug":"anasayfa","status":"publish","type":"page","link":"https:\/\/drkursadaydinatay.com\/en\/","title":{"rendered":"Homepage"},"content":{"rendered":"","protected":false},"excerpt":{"rendered":"","protected":false},"author":1,"featured_media":0,"parent":0,"menu_order":0,"comment_status":"closed","ping_status":"closed","template":"","meta":{"_acf_changed":false,"footnotes":""},"class_list":["post-77","page","type-page","status-publish","hentry"],"acf":[],"yoast_head":"<!-- This site is optimized with the Yoast SEO plugin v27.3 - https:\/\/yoast.com\/product\/yoast-seo-wordpress\/ -->\n<title>Dr. Dt. K&uuml;r\u015fad Ayd\u0131natay | Sa\u011fl\u0131kl\u0131 Di\u015fler G\u00fczel G\u00fcl\u00fc\u015fler<\/title>\n<meta name=\"description\" content=\"Dr. Dt. K\u00fcr\u015fad Ayd\u0131natay, di\u015f implant\u0131, di\u015f beyazlatma, g\u00fcl\u00fc\u015f tasar\u0131m\u0131, cerrahi tedaviler, periodontal tedaviler, endodontik tedaviler ve restoratif di\u015f hekimli\u011fi alanlar\u0131nda hizmet vermektedir. Hastalar\u0131n di\u015f sa\u011fl\u0131\u011f\u0131n\u0131 korumak ve estetik g\u00fcl\u00fc\u015fler elde etmeleri i\u00e7in \u00e7e\u015fitli tedavi se\u00e7enekleri sunmaktad\u0131r.\" \/>\n<meta name=\"robots\" content=\"index, follow, max-snippet:-1, max-image-preview:large, max-video-preview:-1\" \/>\n<link rel=\"canonical\" href=\"https:\/\/drkursadaydinatay.com\/en\/\" \/>\n<meta property=\"og:locale\" content=\"en_US\" \/>\n<meta property=\"og:type\" content=\"article\" \/>\n<meta property=\"og:title\" content=\"Dr. Dt. K&uuml;r\u015fad Ayd\u0131natay | Sa\u011fl\u0131kl\u0131 Di\u015fler G\u00fczel G\u00fcl\u00fc\u015fler\" \/>\n<meta property=\"og:description\" content=\"Dr. Dt. K\u00fcr\u015fad Ayd\u0131natay, di\u015f implant\u0131, di\u015f beyazlatma, g\u00fcl\u00fc\u015f tasar\u0131m\u0131, cerrahi tedaviler, periodontal tedaviler, endodontik tedaviler ve restoratif di\u015f hekimli\u011fi alanlar\u0131nda hizmet vermektedir. Hastalar\u0131n di\u015f sa\u011fl\u0131\u011f\u0131n\u0131 korumak ve estetik g\u00fcl\u00fc\u015fler elde etmeleri i\u00e7in \u00e7e\u015fitli tedavi se\u00e7enekleri sunmaktad\u0131r.\" \/>\n<meta property=\"og:url\" content=\"https:\/\/drkursadaydinatay.com\/en\/\" \/>\n<meta property=\"og:site_name\" content=\"Dr. Dt. K&uuml;r\u015fad Ayd\u0131natay\" \/>\n<meta property=\"article:modified_time\" content=\"2024-10-11T08:24:18+00:00\" \/>\n<meta property=\"og:image\" content=\"https:\/\/drkursadaydinatay.com\/wp-content\/uploads\/2024\/07\/Banu-Kurs\u0327at-May-2024-4-scaled.jpg\" \/>\n\t<meta property=\"og:image:width\" content=\"2560\" \/>\n\t<meta property=\"og:image:height\" content=\"2560\" \/>\n\t<meta property=\"og:image:type\" content=\"image\/jpeg\" \/>\n<meta name=\"twitter:card\" content=\"summary_large_image\" \/>\n<script type=\"application\/ld+json\" class=\"yoast-schema-graph\">{\"@context\":\"https:\\\/\\\/schema.org\",\"@graph\":[{\"@type\":\"WebPage\",\"@id\":\"https:\\\/\\\/drkursadaydinatay.com\\\/\",\"url\":\"https:\\\/\\\/drkursadaydinatay.com\\\/\",\"name\":\"Dr. Dt. K&uuml;r\u015fad Ayd\u0131natay | Sa\u011fl\u0131kl\u0131 Di\u015fler G\u00fczel G\u00fcl\u00fc\u015fler\",\"isPartOf\":{\"@id\":\"https:\\\/\\\/drkursadaydinatay.com\\\/#website\"},\"datePublished\":\"2024-05-09T08:46:51+00:00\",\"dateModified\":\"2024-10-11T08:24:18+00:00\",\"description\":\"Dr. Dt. K\u00fcr\u015fad Ayd\u0131natay, di\u015f implant\u0131, di\u015f beyazlatma, g\u00fcl\u00fc\u015f tasar\u0131m\u0131, cerrahi tedaviler, periodontal tedaviler, endodontik tedaviler ve restoratif di\u015f hekimli\u011fi alanlar\u0131nda hizmet vermektedir. Hastalar\u0131n di\u015f sa\u011fl\u0131\u011f\u0131n\u0131 korumak ve estetik g\u00fcl\u00fc\u015fler elde etmeleri i\u00e7in \u00e7e\u015fitli tedavi se\u00e7enekleri sunmaktad\u0131r.\",\"breadcrumb\":{\"@id\":\"https:\\\/\\\/drkursadaydinatay.com\\\/#breadcrumb\"},\"inLanguage\":\"en-US\",\"potentialAction\":[{\"@type\":\"ReadAction\",\"target\":[\"https:\\\/\\\/drkursadaydinatay.com\\\/\"]}]},{\"@type\":\"BreadcrumbList\",\"@id\":\"https:\\\/\\\/drkursadaydinatay.com\\\/#breadcrumb\",\"itemListElement\":[{\"@type\":\"ListItem\",\"position\":1,\"name\":\"Anasayfa\",\"item\":\"https:\\\/\\\/drkursadaydinatay.com\\\/\"},{\"@type\":\"ListItem\",\"position\":2,\"name\":\"Anasayfa\"}]},{\"@type\":\"WebSite\",\"@id\":\"https:\\\/\\\/drkursadaydinatay.com\\\/#website\",\"url\":\"https:\\\/\\\/drkursadaydinatay.com\\\/\",\"name\":\"Dr. Dt. K\u00fcr\u015fad Ayd\u0131natay\",\"description\":\"\",\"publisher\":{\"@id\":\"https:\\\/\\\/drkursadaydinatay.com\\\/#\\\/schema\\\/person\\\/0b249db5db2a9fe362f93bf59f203f36\"},\"potentialAction\":[{\"@type\":\"SearchAction\",\"target\":{\"@type\":\"EntryPoint\",\"urlTemplate\":\"https:\\\/\\\/drkursadaydinatay.com\\\/?s={search_term_string}\"},\"query-input\":{\"@type\":\"PropertyValueSpecification\",\"valueRequired\":true,\"valueName\":\"search_term_string\"}}],\"inLanguage\":\"en-US\"},{\"@type\":[\"Person\",\"Organization\"],\"@id\":\"https:\\\/\\\/drkursadaydinatay.com\\\/#\\\/schema\\\/person\\\/0b249db5db2a9fe362f93bf59f203f36\",\"name\":\"Dr. Dt. K\u00fcr\u015fad Ayd\u0131natay\",\"logo\":{\"@id\":\"https:\\\/\\\/drkursadaydinatay.com\\\/#\\\/schema\\\/person\\\/image\\\/\"},\"sameAs\":[\"http:\\\/\\\/drkursadaydinatay.com\\\/\"]}]}<\/script>\n<!-- \/ Yoast SEO plugin. -->","yoast_head_json":{"title":"Dr. Dt. K\u00fcr\u015fad Ayd\u0131natay | Healthy Teeth Beautiful Smiles","description":"Dr. Dt. K\u00fcr\u015fad Ayd\u0131natay provides services in dental implants, teeth whitening, smile design, surgical treatments, periodontal treatments, endodontic treatments and restorative dentistry. He offers various treatment options for patients to protect their dental health and achieve aesthetic smiles.","robots":{"index":"index","follow":"follow","max-snippet":"max-snippet:-1","max-image-preview":"max-image-preview:large","max-video-preview":"max-video-preview:-1"},"canonical":"https:\/\/drkursadaydinatay.com\/en\/","og_locale":"en_US","og_type":"article","og_title":"Dr. Dt. K&uuml;r\u015fad Ayd\u0131natay | Sa\u011fl\u0131kl\u0131 Di\u015fler G\u00fczel G\u00fcl\u00fc\u015fler","og_description":"Dr. Dt. K\u00fcr\u015fad Ayd\u0131natay, di\u015f implant\u0131, di\u015f beyazlatma, g\u00fcl\u00fc\u015f tasar\u0131m\u0131, cerrahi tedaviler, periodontal tedaviler, endodontik tedaviler ve restoratif di\u015f hekimli\u011fi alanlar\u0131nda hizmet vermektedir. Hastalar\u0131n di\u015f sa\u011fl\u0131\u011f\u0131n\u0131 korumak ve estetik g\u00fcl\u00fc\u015fler elde etmeleri i\u00e7in \u00e7e\u015fitli tedavi se\u00e7enekleri sunmaktad\u0131r.","og_url":"https:\/\/drkursadaydinatay.com\/en\/","og_site_name":"Dr. Dt. K&uuml;r\u015fad Ayd\u0131natay","article_modified_time":"2024-10-11T08:24:18+00:00","og_image":[{"width":2560,"height":2560,"url":"https:\/\/drkursadaydinatay.com\/wp-content\/uploads\/2024\/07\/Banu-Kurs\u0327at-May-2024-4-scaled.jpg","type":"image\/jpeg"}],"twitter_card":"summary_large_image","schema":{"@context":"https:\/\/schema.org","@graph":[{"@type":"WebPage","@id":"https:\/\/drkursadaydinatay.com\/","url":"https:\/\/drkursadaydinatay.com\/","name":"Dr. Dt. K\u00fcr\u015fad Ayd\u0131natay | Healthy Teeth Beautiful Smiles","isPartOf":{"@id":"https:\/\/drkursadaydinatay.com\/#website"},"datePublished":"2024-05-09T08:46:51+00:00","dateModified":"2024-10-11T08:24:18+00:00","description":"Dr. Dt. K\u00fcr\u015fad Ayd\u0131natay provides services in dental implants, teeth whitening, smile design, surgical treatments, periodontal treatments, endodontic treatments and restorative dentistry. He offers various treatment options for patients to protect their dental health and achieve aesthetic smiles.","breadcrumb":{"@id":"https:\/\/drkursadaydinatay.com\/#breadcrumb"},"inLanguage":"en-US","potentialAction":[{"@type":"ReadAction","target":["https:\/\/drkursadaydinatay.com\/"]}]},{"@type":"BreadcrumbList","@id":"https:\/\/drkursadaydinatay.com\/#breadcrumb","itemListElement":[{"@type":"ListItem","position":1,"name":"Anasayfa","item":"https:\/\/drkursadaydinatay.com\/"},{"@type":"ListItem","position":2,"name":"Anasayfa"}]},{"@type":"WebSite","@id":"https:\/\/drkursadaydinatay.com\/#website","url":"https:\/\/drkursadaydinatay.com\/","name":"Dr. K\u00fcr\u015fad Ayd\u0131natay","description":"","publisher":{"@id":"https:\/\/drkursadaydinatay.com\/#\/schema\/person\/0b249db5db2a9fe362f93bf59f203f36"},"potentialAction":[{"@type":"SearchAction","target":{"@type":"EntryPoint","urlTemplate":"https:\/\/drkursadaydinatay.com\/?s={search_term_string}"},"query-input":{"@type":"PropertyValueSpecification","valueRequired":true,"valueName":"search_term_string"}}],"inLanguage":"en-US"},{"@type":["Person","Organization"],"@id":"https:\/\/drkursadaydinatay.com\/#\/schema\/person\/0b249db5db2a9fe362f93bf59f203f36","name":"Dr. K\u00fcr\u015fad Ayd\u0131natay","logo":{"@id":"https:\/\/drkursadaydinatay.com\/#\/schema\/person\/image\/"},"sameAs":["http:\/\/drkursadaydinatay.com\/"]}]}},"_links":{"self":[{"href":"https:\/\/drkursadaydinatay.com\/en\/wp-json\/wp\/v2\/pages\/77","targetHints":{"allow":["GET"]}}],"collection":[{"href":"https:\/\/drkursadaydinatay.com\/en\/wp-json\/wp\/v2\/pages"}],"about":[{"href":"https:\/\/drkursadaydinatay.com\/en\/wp-json\/wp\/v2\/types\/page"}],"author":[{"embeddable":true,"href":"https:\/\/drkursadaydinatay.com\/en\/wp-json\/wp\/v2\/users\/1"}],"replies":[{"embeddable":true,"href":"https:\/\/drkursadaydinatay.com\/en\/wp-json\/wp\/v2\/comments?post=77"}],"version-history":[{"count":99,"href":"https:\/\/drkursadaydinatay.com\/en\/wp-json\/wp\/v2\/pages\/77\/revisions"}],"predecessor-version":[{"id":1144,"href":"https:\/\/drkursadaydinatay.com\/en\/wp-json\/wp\/v2\/pages\/77\/revisions\/1144"}],"wp:attachment":[{"href":"https:\/\/drkursadaydinatay.com\/en\/wp-json\/wp\/v2\/media?parent=77"}],"curies":[{"name":"wp","href":"https:\/\/api.w.org\/{rel}","templated":true}]}}